{"id":102,"date":"2019-08-23T12:00:00","date_gmt":"2019-08-23T10:00:00","guid":{"rendered":"https:\/\/savona.webdiocesi.it\/beniculturali\/il-cenacolo-di-savona\/"},"modified":"2026-04-22T17:15:32","modified_gmt":"2026-04-22T15:15:32","slug":"il-cenacolo-di-savona","status":"publish","type":"page","link":"https:\/\/chiesasavona.it\/beniculturali\/il-cenacolo-di-savona\/","title":{"rendered":"Il &#8220;Cenacolo&#8221; di Savona"},"content":{"rendered":"<p>Il &#8220;<strong>Cenacolo<\/strong>&#8221; di <strong>Leonardo da Vinci<\/strong> fu uno dei dipinti pi\u00f9 copiati gi\u00e0 nei primi anni del XVI secolo. Una fra le migliori copie coeve e a grandezza naturale giunta sino a noi \u00e8 conservata presso il <a href=\"https:\/\/chiesasavona.it\/seminario-vescovile\/\" target=\"_blank\">Seminario Vescovile<\/a> di Savona. Anche qui campeggia sulla parete del lato corto del Refettorio e ancora oggi accoglie chi si appresta a consumare un pasto.<\/p>\n<p>L\u2019opera \u00e8 un grande dipinto ad olio su tela, probabilmente realizzato dal <strong>Giampietrino<\/strong> o da <strong>Marco d\u2019Oggiono<\/strong>, entrambi allievi di Leonardo a Milano e attivi a Savona nei primi anni del XVI secolo. \u00c8 possibile ammirare questa straordinaria opera su prenotazione per gruppi di almeno 10 persone contattando:<\/p>\n<p><i class=\"fas fa-person\"><\/i> <strong>Cristina Gamberini<\/strong><br \/>\ne-mail: <a href=\"mailto:cristina.gamberini@diocesisavona.it\">cristina.gamberini@diocesisavona.it<\/a><\/p>\n<p><i class=\"fas fa-person\"><\/i> <strong>Enrica Gasco<\/strong><br \/>\ne-mail: <a href=\"mailto:enrica.gasco@diocesisavona.it\">enrica.gasco@diocesisavona.it<\/a><\/p>\n","protected":false},"excerpt":{"rendered":"<p>yes<\/p>\n","protected":false},"author":0,"featured_media":276,"parent":0,"menu_order":0,"comment_status":"closed","ping_status":"closed","template":"","meta":{"_acf_changed":false,"footnotes":""},"class_list":["post-102","page","type-page","status-publish","has-post-thumbnail","hentry"],"acf":[],"_links":{"self":[{"href":"https:\/\/chiesasavona.it\/beniculturali\/wp-json\/wp\/v2\/pages\/102","targetHints":{"allow":["GET"]}}],"collection":[{"href":"https:\/\/chiesasavona.it\/beniculturali\/wp-json\/wp\/v2\/pages"}],"about":[{"href":"https:\/\/chiesasavona.it\/beniculturali\/wp-json\/wp\/v2\/types\/page"}],"author":[{"embeddable":true,"href":"https:\/\/chiesasavona.it\/beniculturali\/wp-json\/wp\/v2\/users\/1"}],"replies":[{"embeddable":true,"href":"https:\/\/chiesasavona.it\/beniculturali\/wp-json\/wp\/v2\/comments?post=102"}],"version-history":[{"count":13,"href":"https:\/\/chiesasavona.it\/beniculturali\/wp-json\/wp\/v2\/pages\/102\/revisions"}],"predecessor-version":[{"id":382,"href":"https:\/\/chiesasavona.it\/beniculturali\/wp-json\/wp\/v2\/pages\/102\/revisions\/382"}],"wp:featuredmedia":[{"embeddable":true,"href":"https:\/\/chiesasavona.it\/beniculturali\/wp-json\/wp\/v2\/media\/276"}],"wp:attachment":[{"href":"https:\/\/chiesasavona.it\/beniculturali\/wp-json\/wp\/v2\/media?parent=102"}],"curies":[{"name":"wp","href":"https:\/\/api.w.org\/{rel}","templated":true}]}}