{"id":5,"date":"2026-02-15T17:42:36","date_gmt":"2026-02-15T16:42:36","guid":{"rendered":"https:\/\/chiesasavona.it\/ilnuovoletimbro\/?page_id=5"},"modified":"2026-03-26T12:37:29","modified_gmt":"2026-03-26T11:37:29","slug":"home","status":"publish","type":"page","link":"https:\/\/chiesasavona.it\/ilnuovoletimbro\/","title":{"rendered":"Home"},"content":{"rendered":"<div id=\"pl-5\"  class=\"panel-layout\" ><div id=\"pg-5-0\"  class=\"panel-grid panel-has-style\" ><div class=\"row panel-row-style panel-row-style-for-5-0\" ><div id=\"pgc-5-0-0\"  class=\"panel-grid-cell\" ><div id=\"panel-5-0-0-0\" class=\"so-panel widget widget_bso-so-widget-all-in-one panel-first-child\" data-index=\"0\" ><div class=\"evidenza mb-5 panel-widget-style panel-widget-style-for-5-0-0-0\" ><div\n\t\t\t\n\t\t\tclass=\"so-widget-bso-so-widget-all-in-one so-widget-bso-so-widget-all-in-one-default-d75171398898-5\"\n\t\t\t\n\t\t>\n<div class=\"box single-item\" id=\"slideuno\">                             <div class=\"slick-slide\">\n<div class=\"item\">\n<div class=\"miniatura\"><img decoding=\"async\" src=\"https:\/\/chiesasavona.it\/ilnuovoletimbro\/wp-content\/uploads\/sites\/4\/2026\/05\/Caccia-alle-streghe-01-1024x584.jpg\" \/><\/div>\n<div class=\"evidecontent p-3 p-lg-4 mx-3 mx-xl-auto\">\n<div class=\"over\"> <span class=\"cat\"><a href=\"https:\/\/chiesasavona.it\/ilnuovoletimbro\/category\/diocesi\/\">Diocesi<\/a><\/span>,  <span class=\"cat\"><a href=\"https:\/\/chiesasavona.it\/ilnuovoletimbro\/category\/eventi\/\">Eventi<\/a><\/span>,  <span class=\"cat\"><a href=\"https:\/\/chiesasavona.it\/ilnuovoletimbro\/category\/notizie\/\">Notizie<\/a><\/span><\/div>\n<span class=\"data\">12 Maggio 2026<\/span>\n<a href=\"https:\/\/chiesasavona.it\/ilnuovoletimbro\/2026\/05\/12\/inquisizione-e-caccia-alle-streghe-in-una-conferenza-a-savona\/\">\n<div class=\"entry-occhiello\">\"CERCANDO LA LIBERT\u00c0\"<\/div>\n<div class=\"entry-titolo\">Inquisizione e &#8220;caccia alle streghe&#8221; in una conferenza a Savona<\/div>\n<div class=\"entry-sottotitolo\">Ne parler\u00e0 lo storico Giuseppe Testa: \"Il pregiudizio muove accuse e indagini\"<\/div>\n<!-- div class=\"summary\">Savona. Mercoled\u00ec 20 maggio alle ore 17 nell&#8217;Oratorio del Cristo Risorto, in largo Franco Varaldo (all&#8217;incrocio con le vie Pia e Ambrogio Aonzo) l&#8217;appassionato di storia Giuseppe Testa parler\u00e0 del&hellip;<\/div -->\n<\/a>\n<\/div>\n<\/div><\/div>\n                                                       <div class=\"slick-slide\">\n<div class=\"item\">\n<div class=\"miniatura\"><img decoding=\"async\" src=\"https:\/\/chiesasavona.it\/ilnuovoletimbro\/wp-content\/uploads\/sites\/4\/2026\/05\/Savona-progetto-Giu-dal-letto-01-1024x595.jpg\" \/><\/div>\n<div class=\"evidecontent p-3 p-lg-4 mx-3 mx-xl-auto\">\n<div class=\"over\"> <span class=\"cat\"><a href=\"https:\/\/chiesasavona.it\/ilnuovoletimbro\/category\/notizie\/\">Notizie<\/a><\/span>,  <span class=\"cat\"><a href=\"https:\/\/chiesasavona.it\/ilnuovoletimbro\/category\/societa-civile\/\">Societ\u00e0 civile<\/a><\/span><\/div>\n<span class=\"data\">11 Maggio 2026<\/span>\n<a href=\"https:\/\/chiesasavona.it\/ilnuovoletimbro\/2026\/05\/11\/savona-al-via-il-cantiere-delle-emozioni-del-volontario-in-ospedale\/\">\n<div class=\"entry-occhiello\">\"GI\u00d9 DAL LETTO\"<\/div>\n<div class=\"entry-titolo\">Savona, al via &#8220;Il cantiere delle emozioni del volontario in ospedale&#8221;<\/div>\n<div class=\"entry-sottotitolo\">Lo scopo \u00e8 umanizzare la degenza: primo incontro mercoled\u00ec alla \"Citt\u00e0 dei Papi\"<\/div>\n<!-- div class=\"summary\">Savona. Mercoled\u00ec 13 maggio alle ore 20 nella Sala Cappa del Centro Diocesano Pastorale &#8220;Citt\u00e0 dei Papi&#8220;, in via dei Mille 4, si terr\u00e0 il primo incontro formativo del percorso&hellip;<\/div -->\n<\/a>\n<\/div>\n<\/div><\/div>\n                                                       <div class=\"slick-slide\">\n<div class=\"item\">\n<div class=\"miniatura\"><img decoding=\"async\" src=\"https:\/\/chiesasavona.it\/ilnuovoletimbro\/wp-content\/uploads\/sites\/4\/2026\/05\/Il-papa-in-prigione-a-Savona-mostra-02-1024x768.jpg\" \/><\/div>\n<div class=\"evidecontent p-3 p-lg-4 mx-3 mx-xl-auto\">\n<div class=\"over\"> <span class=\"cat\"><a href=\"https:\/\/chiesasavona.it\/ilnuovoletimbro\/category\/diocesi\/\">Diocesi<\/a><\/span>,  <span class=\"cat\"><a href=\"https:\/\/chiesasavona.it\/ilnuovoletimbro\/category\/eventi\/\">Eventi<\/a><\/span>,  <span class=\"cat\"><a href=\"https:\/\/chiesasavona.it\/ilnuovoletimbro\/category\/notizie\/\">Notizie<\/a><\/span><\/div>\n<span class=\"data\">9 Maggio 2026<\/span>\n<a href=\"https:\/\/chiesasavona.it\/ilnuovoletimbro\/2026\/05\/09\/il-papa-in-prigione-a-savona-inedito-pio-vii-allarchivio-diocesano\/\">\n<div class=\"entry-occhiello\">OCCASIONISSIMA!<\/div>\n<div class=\"entry-titolo\">&#8220;Il papa in prigione a Savona&#8221;, inedito Pio VII all&#8217;Archivio diocesano<\/div>\n<div class=\"entry-sottotitolo\">Oggetti e curiosit\u00e0 non accessibili al pubblico in esposizione dall'11 al 29 maggio<\/div>\n<!-- div class=\"summary\">Savona. Santit\u00e0 e libert\u00e0: \u00e8 il doppio fil rouge che segue &#8220;Il papa in prigione a Savona&#8221;, la mostra di testi, documenti e oggetti di Pio VII visitabile dall&#8217;11 al&hellip;<\/div -->\n<\/a>\n<\/div>\n<\/div><\/div>\n                           <\/div>\n<script>\n\t\t\tjQuery(function(){\n\t\t\tjQuery('#slideuno').slick({\n\t\t\t\tautoplay:false,\n\t\t\t\tslidesToShow: 1,\n\t\t\t\tslidesToScroll: 1,\n\t\t\t\tdots: true,\n                               arrows: true,\n\t\t\t\tinfinite: false,\n\t\t\tresponsive: [\n\n     {\n      breakpoint: 480,\n      settings: {\n         arrows: false\n      }\n    }\n    ]\n\t\t\t\t\n\t\t\t});\n\t\t\t});\n\t\t\t<\/script><\/div><\/div><\/div><div id=\"panel-5-0-0-1\" class=\"so-panel widget widget_bso-so-widget-all-in-one panel-last-child\" data-index=\"1\" ><div class=\"altrenews panel-widget-style panel-widget-style-for-5-0-0-1\" ><div\n\t\t\t\n\t\t\tclass=\"so-widget-bso-so-widget-all-in-one so-widget-bso-so-widget-all-in-one-default-d75171398898-786\"\n\t\t\t\n\t\t><div class=\"row g-3 g-xl-5\">                             <div class=\"col-12 col-md-6\">\n<div class=\"item\">\n<div class=\"miniatura\"><a href=\"https:\/\/chiesasavona.it\/ilnuovoletimbro\/2026\/05\/05\/cercando-la-liberta-di-espressione-in-un-incontro-a-savona\/\"><img decoding=\"async\" src=\"https:\/\/chiesasavona.it\/ilnuovoletimbro\/wp-content\/uploads\/sites\/4\/2026\/05\/Il-Letimbro-gadget-01.jpg\" \/><\/a><\/div>\n<div class=\"contenuto pt-2\">\n<div class=\"over\"> <span class=\"cat\"><a href=\"https:\/\/chiesasavona.it\/ilnuovoletimbro\/category\/diocesi\/\">Diocesi<\/a><\/span>,  <span class=\"cat\"><a href=\"https:\/\/chiesasavona.it\/ilnuovoletimbro\/category\/eventi\/\">Eventi<\/a><\/span>,  <span class=\"cat\"><a href=\"https:\/\/chiesasavona.it\/ilnuovoletimbro\/category\/video\/\">Video<\/a><\/span><\/div>\n<span class=\"data\">5 Maggio 2026<\/span>\n<a href=\"https:\/\/chiesasavona.it\/ilnuovoletimbro\/2026\/05\/05\/cercando-la-liberta-di-espressione-in-un-incontro-a-savona\/\">\n<div class=\"entry-occhiello\">PROGETTO \"AB\"<\/div>\n<div class=\"entry-titolo\">&#8220;Cercando la libert\u00e0&#8230; di espressione&#8221; in un incontro a Savona<\/div>\n<div class=\"entry-sottotitolo\">Fiaschi: \"Torneremo nel XIX secolo per rivivere le trasformazioni della citt\u00e0\"<\/div>\n<!-- div class=\"summary\">Savona. Luned\u00ec 11 maggio alle ore 17 nell&#8217;Oratorio San Dalmazio, nel quartiere Lavagnola, Roberto Fiaschi della Libreria&hellip;<\/div -->\n<\/a>\n<\/div>\n<\/div>\n<\/div>\n                                                       <div class=\"col-12 col-md-6\">\n<div class=\"item\">\n<div class=\"miniatura\"><a href=\"https:\/\/chiesasavona.it\/ilnuovoletimbro\/2026\/05\/02\/padre-trinchero-rieletto-provinciale-dei-carmelitani-scalzi-liguri\/\"><img decoding=\"async\" src=\"https:\/\/chiesasavona.it\/ilnuovoletimbro\/wp-content\/uploads\/sites\/4\/2026\/04\/Carmelitani-liguri-Capitolo-2026-01-1024x631.jpg\" \/><\/a><\/div>\n<div class=\"contenuto pt-2\">\n<div class=\"over\"> <span class=\"cat\"><a href=\"https:\/\/chiesasavona.it\/ilnuovoletimbro\/category\/diocesi\/\">Diocesi<\/a><\/span>,  <span class=\"cat\"><a href=\"https:\/\/chiesasavona.it\/ilnuovoletimbro\/category\/notizie\/\">Notizie<\/a><\/span>,  <span class=\"cat\"><a href=\"https:\/\/chiesasavona.it\/ilnuovoletimbro\/category\/video\/\">Video<\/a><\/span><\/div>\n<span class=\"data\">2 Maggio 2026<\/span>\n<a href=\"https:\/\/chiesasavona.it\/ilnuovoletimbro\/2026\/05\/02\/padre-trinchero-rieletto-provinciale-dei-carmelitani-scalzi-liguri\/\">\n<div class=\"entry-occhiello\">CONTINUIT\u00c0<\/div>\n<div class=\"entry-titolo\">Padre Trinchero rieletto provinciale dei Carmelitani Scalzi liguri<\/div>\n<div class=\"entry-sottotitolo\">Confermato durante il Capitolo. Lui: \"Le comunit\u00e0 di Savona e Varazze resteranno\"<\/div>\n<!-- div class=\"summary\">Bocca di Magra (La Spezia). Padre Federico Trinchero della Risurrezione \u00e8 stato eletto superiore della Provincia Ligure&hellip;<\/div -->\n<\/a>\n<\/div>\n<\/div>\n<\/div>\n                                                       <div class=\"col-12 col-md-6\">\n<div class=\"item\">\n<div class=\"miniatura\"><a href=\"https:\/\/chiesasavona.it\/ilnuovoletimbro\/2026\/04\/28\/sanda-dopo-2-anni-la-cassa-di-s-giorgio-e-tornata-in-processione\/\"><img decoding=\"async\" src=\"https:\/\/chiesasavona.it\/ilnuovoletimbro\/wp-content\/uploads\/sites\/4\/2026\/04\/Sanda-festa-san-Giorgio-2026-01-1024x577.jpg\" \/><\/a><\/div>\n<div class=\"contenuto pt-2\">\n<div class=\"over\"> <span class=\"cat\"><a href=\"https:\/\/chiesasavona.it\/ilnuovoletimbro\/category\/notizie\/\">Notizie<\/a><\/span>,  <span class=\"cat\"><a href=\"https:\/\/chiesasavona.it\/ilnuovoletimbro\/category\/parrocchie\/\">Parrocchie<\/a><\/span><\/div>\n<span class=\"data\">28 Aprile 2026<\/span>\n<a href=\"https:\/\/chiesasavona.it\/ilnuovoletimbro\/2026\/04\/28\/sanda-dopo-2-anni-la-cassa-di-s-giorgio-e-tornata-in-processione\/\">\n<div class=\"entry-occhiello\">FESTE PATRONALI<\/div>\n<div class=\"entry-titolo\">Sanda, dopo 2 anni la &#8220;cassa&#8221; di s. Giorgio \u00e8 tornata in processione<\/div>\n<div class=\"entry-sottotitolo\">Numerosi i portatori della statua del martire, alcuni anche da paesi o regioni limitrofi<\/div>\n<!-- div class=\"summary\">Celle Ligure. Dopo due anni di assenza la &#8220;cassa&#8221; processionale di san Giorgio \u00e8 tornata ad essere portata&hellip;<\/div -->\n<\/a>\n<\/div>\n<\/div>\n<\/div>\n                                                       <div class=\"col-12 col-md-6\">\n<div class=\"item\">\n<div class=\"miniatura\"><a href=\"https:\/\/chiesasavona.it\/ilnuovoletimbro\/2026\/04\/27\/santa-caterina-don-doglio-e-lanima-spirituale-di-varazze\/\"><img decoding=\"async\" src=\"https:\/\/chiesasavona.it\/ilnuovoletimbro\/wp-content\/uploads\/sites\/4\/2026\/04\/claudio_doglio_corteo_storico_01-1024x768.jpeg\" \/><\/a><\/div>\n<div class=\"contenuto pt-2\">\n<div class=\"over\"> <span class=\"cat\"><a href=\"https:\/\/chiesasavona.it\/ilnuovoletimbro\/category\/notizie\/\">Notizie<\/a><\/span>,  <span class=\"cat\"><a href=\"https:\/\/chiesasavona.it\/ilnuovoletimbro\/category\/parrocchie\/\">Parrocchie<\/a><\/span>,  <span class=\"cat\"><a href=\"https:\/\/chiesasavona.it\/ilnuovoletimbro\/category\/video\/\">Video<\/a><\/span><\/div>\n<span class=\"data\">27 Aprile 2026<\/span>\n<a href=\"https:\/\/chiesasavona.it\/ilnuovoletimbro\/2026\/04\/27\/santa-caterina-don-doglio-e-lanima-spirituale-di-varazze\/\">\n<div class=\"entry-occhiello\">RADICI VIVE<\/div>\n<div class=\"entry-titolo\">Santa Caterina, don Doglio: &#8220;\u00c8 l&#8217;anima spirituale di Varazze&#8221;<\/div>\n<div class=\"entry-sottotitolo\">Il parroco e biblista spiega il valore della festa patronale per la cittadina ligure<\/div>\n<!-- div class=\"summary\">In occasione del 650\u00b0 anniversario del passaggio di santa Caterina da Siena la citt\u00e0 di Varazze sta&hellip;<\/div -->\n<\/a>\n<\/div>\n<\/div>\n<\/div>\n                           <\/div><div class=\"archiviolink text-center my-4\"><a href=\"https:\/\/chiesasavona.it\/ilnuovoletimbro\/category\/notizie\/\">TUTTE LE NOTIZIE  <i class=\"fa-solid fa-angle-right\"><\/i> <\/a><\/div><\/div><\/div><\/div><\/div><div id=\"pgc-5-0-1\"  class=\"panel-grid-cell\" ><div id=\"panel-5-0-1-0\" class=\"so-panel widget widget_sow-image panel-first-child\" data-index=\"2\" ><div\n\t\t\t\n\t\t\tclass=\"so-widget-sow-image so-widget-sow-image-default-8b5b6f678277-621\"\n\t\t\t\n\t\t>\n\n<div class=\"sow-image-container\">\n\t\t\t<a href=\"https:\/\/whatsapp.com\/channel\/0029VbCHQSAAO7RBQeSCB23m\"\n\t\t\ttarget=\"_blank\" rel=\"noopener noreferrer\" \t\t>\n\t\t\t<img loading=\"lazy\" decoding=\"async\" src=\"https:\/\/chiesasavona.it\/ilnuovoletimbro\/wp-content\/uploads\/sites\/4\/2026\/03\/canale-whats.jpg\" width=\"2048\" height=\"2048\" srcset=\"https:\/\/chiesasavona.it\/ilnuovoletimbro\/wp-content\/uploads\/sites\/4\/2026\/03\/canale-whats.jpg 2048w, https:\/\/chiesasavona.it\/ilnuovoletimbro\/wp-content\/uploads\/sites\/4\/2026\/03\/canale-whats-300x300.jpg 300w, https:\/\/chiesasavona.it\/ilnuovoletimbro\/wp-content\/uploads\/sites\/4\/2026\/03\/canale-whats-1024x1024.jpg 1024w, https:\/\/chiesasavona.it\/ilnuovoletimbro\/wp-content\/uploads\/sites\/4\/2026\/03\/canale-whats-150x150.jpg 150w, https:\/\/chiesasavona.it\/ilnuovoletimbro\/wp-content\/uploads\/sites\/4\/2026\/03\/canale-whats-768x768.jpg 768w, https:\/\/chiesasavona.it\/ilnuovoletimbro\/wp-content\/uploads\/sites\/4\/2026\/03\/canale-whats-1536x1536.jpg 1536w\" sizes=\"auto, (max-width: 2048px) 100vw, 2048px\" title=\"whatsapp channel\" alt=\"whatsapp channel\" \t\tclass=\"so-widget-image\"\/>\n\t<\/a><\/div>\n\n<\/div><\/div><div id=\"panel-5-0-1-1\" class=\"widget_text so-panel widget widget_custom_html\" data-index=\"3\" ><div class=\"textwidget custom-html-widget\"><iframe loading=\"lazy\" src=\"https:\/\/orarimesse.it\/widget\/savonanoli\" width=\"800\" height=\"600\" frameborder=\"0\" allow=\"geolocation\"><\/iframe><\/div><\/div><div id=\"panel-5-0-1-2\" class=\"widget_text so-panel widget widget_custom_html panel-last-child\" data-index=\"4\" ><div class=\"textwidget custom-html-widget\"><div style=\"width:350px !important; height:300px !important;\"><script src=\"https:\/\/banner.8xmille.it\/banner-js.php?b=300x250_CEI_ASS_SANITARIA\" async><\/script><\/div><\/div><\/div><\/div><\/div><\/div><div id=\"pg-5-1\"  class=\"panel-grid panel-no-style\" ><div id=\"pgc-5-1-0\"  class=\"panel-grid-cell panel-grid-cell-empty\" ><\/div><\/div><\/div>","protected":false},"excerpt":{"rendered":"","protected":false},"author":0,"featured_media":0,"parent":0,"menu_order":0,"comment_status":"closed","ping_status":"closed","template":"","meta":{"_acf_changed":false,"footnotes":""},"class_list":["post-5","page","type-page","status-publish","hentry"],"acf":[],"yoast_head":"<!-- This site is optimized with the Yoast SEO plugin v22.3 - https:\/\/yoast.com\/wordpress\/plugins\/seo\/ -->\n<title>Home - Il Nuovo Letimbro<\/title>\n<meta name=\"robots\" content=\"index, follow, max-snippet:-1, max-image-preview:large, max-video-preview:-1\" \/>\n<link rel=\"canonical\" href=\"https:\/\/chiesasavona.it\/ilnuovoletimbro\/\" \/>\n<meta property=\"og:locale\" content=\"it_IT\" \/>\n<meta property=\"og:type\" content=\"article\" \/>\n<meta property=\"og:title\" content=\"Home - Il Nuovo Letimbro\" \/>\n<meta property=\"og:url\" content=\"https:\/\/chiesasavona.it\/ilnuovoletimbro\/\" \/>\n<meta property=\"og:site_name\" content=\"Il Nuovo Letimbro\" \/>\n<meta property=\"article:modified_time\" content=\"2026-03-26T11:37:29+00:00\" \/>\n<meta property=\"og:image\" content=\"https:\/\/chiesasavona.it\/ilnuovoletimbro\/wp-content\/uploads\/sites\/4\/2026\/03\/il-nuovo-letimbro.png\" \/>\n\t<meta property=\"og:image:width\" content=\"623\" \/>\n\t<meta property=\"og:image:height\" content=\"623\" \/>\n\t<meta property=\"og:image:type\" content=\"image\/png\" \/>\n<meta name=\"twitter:card\" content=\"summary_large_image\" \/>\n<meta name=\"twitter:label1\" content=\"Est. reading time\" \/>\n\t<meta name=\"twitter:data1\" content=\"1 minuto\" \/>\n<script type=\"application\/ld+json\" class=\"yoast-schema-graph\">{\"@context\":\"https:\/\/schema.org\",\"@graph\":[{\"@type\":\"WebPage\",\"@id\":\"https:\/\/chiesasavona.it\/ilnuovoletimbro\/\",\"url\":\"https:\/\/chiesasavona.it\/ilnuovoletimbro\/\",\"name\":\"Home - Il Nuovo Letimbro\",\"isPartOf\":{\"@id\":\"https:\/\/chiesasavona.it\/ilnuovoletimbro\/#website\"},\"datePublished\":\"2026-02-15T16:42:36+00:00\",\"dateModified\":\"2026-03-26T11:37:29+00:00\",\"breadcrumb\":{\"@id\":\"https:\/\/chiesasavona.it\/ilnuovoletimbro\/#breadcrumb\"},\"inLanguage\":\"it-IT\",\"potentialAction\":[{\"@type\":\"ReadAction\",\"target\":[\"https:\/\/chiesasavona.it\/ilnuovoletimbro\/\"]}]},{\"@type\":\"BreadcrumbList\",\"@id\":\"https:\/\/chiesasavona.it\/ilnuovoletimbro\/#breadcrumb\",\"itemListElement\":[{\"@type\":\"ListItem\",\"position\":1,\"name\":\"Home\",\"item\":\"https:\/\/chiesasavona.it\/ilnuovoletimbro\/\"},{\"@type\":\"ListItem\",\"position\":2,\"name\":\"Home\"}]},{\"@type\":\"WebSite\",\"@id\":\"https:\/\/chiesasavona.it\/ilnuovoletimbro\/#website\",\"url\":\"https:\/\/chiesasavona.it\/ilnuovoletimbro\/\",\"name\":\"Il Nuovo Letimbro\",\"description\":\"\",\"publisher\":{\"@id\":\"https:\/\/chiesasavona.it\/ilnuovoletimbro\/#organization\"},\"potentialAction\":[{\"@type\":\"SearchAction\",\"target\":{\"@type\":\"EntryPoint\",\"urlTemplate\":\"https:\/\/chiesasavona.it\/ilnuovoletimbro\/?s={search_term_string}\"},\"query-input\":\"required name=search_term_string\"}],\"inLanguage\":\"it-IT\"},{\"@type\":\"Organization\",\"@id\":\"https:\/\/chiesasavona.it\/ilnuovoletimbro\/#organization\",\"name\":\"il Nuovo Letimbro\",\"url\":\"https:\/\/chiesasavona.it\/ilnuovoletimbro\/\",\"logo\":{\"@type\":\"ImageObject\",\"inLanguage\":\"it-IT\",\"@id\":\"https:\/\/chiesasavona.it\/ilnuovoletimbro\/#\/schema\/logo\/image\/\",\"url\":\"https:\/\/chiesasavona.it\/ilnuovoletimbro\/wp-content\/uploads\/sites\/4\/2026\/03\/il-nuovo-letimbro.png\",\"contentUrl\":\"https:\/\/chiesasavona.it\/ilnuovoletimbro\/wp-content\/uploads\/sites\/4\/2026\/03\/il-nuovo-letimbro.png\",\"width\":623,\"height\":623,\"caption\":\"il Nuovo Letimbro\"},\"image\":{\"@id\":\"https:\/\/chiesasavona.it\/ilnuovoletimbro\/#\/schema\/logo\/image\/\"}}]}<\/script>\n<!-- \/ Yoast SEO plugin. -->","yoast_head_json":{"title":"Home - Il Nuovo Letimbro","robots":{"index":"index","follow":"follow","max-snippet":"max-snippet:-1","max-image-preview":"max-image-preview:large","max-video-preview":"max-video-preview:-1"},"canonical":"https:\/\/chiesasavona.it\/ilnuovoletimbro\/","og_locale":"it_IT","og_type":"article","og_title":"Home - Il Nuovo Letimbro","og_url":"https:\/\/chiesasavona.it\/ilnuovoletimbro\/","og_site_name":"Il Nuovo Letimbro","article_modified_time":"2026-03-26T11:37:29+00:00","og_image":[{"width":623,"height":623,"url":"https:\/\/chiesasavona.it\/ilnuovoletimbro\/wp-content\/uploads\/sites\/4\/2026\/03\/il-nuovo-letimbro.png","type":"image\/png"}],"twitter_card":"summary_large_image","twitter_misc":{"Est. reading time":"1 minuto"},"schema":{"@context":"https:\/\/schema.org","@graph":[{"@type":"WebPage","@id":"https:\/\/chiesasavona.it\/ilnuovoletimbro\/","url":"https:\/\/chiesasavona.it\/ilnuovoletimbro\/","name":"Home - Il Nuovo Letimbro","isPartOf":{"@id":"https:\/\/chiesasavona.it\/ilnuovoletimbro\/#website"},"datePublished":"2026-02-15T16:42:36+00:00","dateModified":"2026-03-26T11:37:29+00:00","breadcrumb":{"@id":"https:\/\/chiesasavona.it\/ilnuovoletimbro\/#breadcrumb"},"inLanguage":"it-IT","potentialAction":[{"@type":"ReadAction","target":["https:\/\/chiesasavona.it\/ilnuovoletimbro\/"]}]},{"@type":"BreadcrumbList","@id":"https:\/\/chiesasavona.it\/ilnuovoletimbro\/#breadcrumb","itemListElement":[{"@type":"ListItem","position":1,"name":"Home","item":"https:\/\/chiesasavona.it\/ilnuovoletimbro\/"},{"@type":"ListItem","position":2,"name":"Home"}]},{"@type":"WebSite","@id":"https:\/\/chiesasavona.it\/ilnuovoletimbro\/#website","url":"https:\/\/chiesasavona.it\/ilnuovoletimbro\/","name":"Il Nuovo Letimbro","description":"","publisher":{"@id":"https:\/\/chiesasavona.it\/ilnuovoletimbro\/#organization"},"potentialAction":[{"@type":"SearchAction","target":{"@type":"EntryPoint","urlTemplate":"https:\/\/chiesasavona.it\/ilnuovoletimbro\/?s={search_term_string}"},"query-input":"required name=search_term_string"}],"inLanguage":"it-IT"},{"@type":"Organization","@id":"https:\/\/chiesasavona.it\/ilnuovoletimbro\/#organization","name":"il Nuovo Letimbro","url":"https:\/\/chiesasavona.it\/ilnuovoletimbro\/","logo":{"@type":"ImageObject","inLanguage":"it-IT","@id":"https:\/\/chiesasavona.it\/ilnuovoletimbro\/#\/schema\/logo\/image\/","url":"https:\/\/chiesasavona.it\/ilnuovoletimbro\/wp-content\/uploads\/sites\/4\/2026\/03\/il-nuovo-letimbro.png","contentUrl":"https:\/\/chiesasavona.it\/ilnuovoletimbro\/wp-content\/uploads\/sites\/4\/2026\/03\/il-nuovo-letimbro.png","width":623,"height":623,"caption":"il Nuovo Letimbro"},"image":{"@id":"https:\/\/chiesasavona.it\/ilnuovoletimbro\/#\/schema\/logo\/image\/"}}]}},"_links":{"self":[{"href":"https:\/\/chiesasavona.it\/ilnuovoletimbro\/wp-json\/wp\/v2\/pages\/5","targetHints":{"allow":["GET"]}}],"collection":[{"href":"https:\/\/chiesasavona.it\/ilnuovoletimbro\/wp-json\/wp\/v2\/pages"}],"about":[{"href":"https:\/\/chiesasavona.it\/ilnuovoletimbro\/wp-json\/wp\/v2\/types\/page"}],"author":[{"embeddable":true,"href":"https:\/\/chiesasavona.it\/ilnuovoletimbro\/wp-json\/wp\/v2\/users\/1"}],"replies":[{"embeddable":true,"href":"https:\/\/chiesasavona.it\/ilnuovoletimbro\/wp-json\/wp\/v2\/comments?post=5"}],"version-history":[{"count":14,"href":"https:\/\/chiesasavona.it\/ilnuovoletimbro\/wp-json\/wp\/v2\/pages\/5\/revisions"}],"predecessor-version":[{"id":398,"href":"https:\/\/chiesasavona.it\/ilnuovoletimbro\/wp-json\/wp\/v2\/pages\/5\/revisions\/398"}],"wp:attachment":[{"href":"https:\/\/chiesasavona.it\/ilnuovoletimbro\/wp-json\/wp\/v2\/media?parent=5"}],"curies":[{"name":"wp","href":"https:\/\/api.w.org\/{rel}","templated":true}]}}